{"id":6392,"date":"2024-05-07T14:05:50","date_gmt":"2024-05-07T12:05:50","guid":{"rendered":"https:\/\/formations-benevoles.org\/reunion\/?page_id=6392"},"modified":"2024-10-29T14:22:24","modified_gmt":"2024-10-29T13:22:24","slug":"ajouter-evenement","status":"publish","type":"page","link":"https:\/\/formations-benevoles.org\/reunion\/ajouter-evenement\/","title":{"rendered":"Ajouter un \u00e9v\u00e8nement"},"content":{"rendered":"[vc_row type=&#8221;full_width_content&#8221; full_screen_row_position=&#8221;middle&#8221; column_margin=&#8221;default&#8221; column_direction=&#8221;default&#8221; column_direction_tablet=&#8221;default&#8221; column_direction_phone=&#8221;default&#8221; scene_position=&#8221;center&#8221; top_margin=&#8221;4%&#8221; bottom_margin=&#8221;4%&#8221; text_color=&#8221;dark&#8221; text_align=&#8221;left&#8221; row_border_radius=&#8221;none&#8221; row_border_radius_applies=&#8221;bg&#8221; overflow=&#8221;visible&#8221; overlay_strength=&#8221;0.3&#8243; gradient_direction=&#8221;left_to_right&#8221; shape_divider_position=&#8221;bottom&#8221; bg_image_animation=&#8221;none&#8221; gradient_type=&#8221;default&#8221; shape_type=&#8221;&#8221;][vc_column column_padding=&#8221;no-extra-padding&#8221; column_padding_tablet=&#8221;inherit&#8221; column_padding_phone=&#8221;inherit&#8221; column_padding_position=&#8221;all&#8221; column_element_direction_desktop=&#8221;default&#8221; column_element_spacing=&#8221;default&#8221; desktop_text_alignment=&#8221;default&#8221; tablet_text_alignment=&#8221;default&#8221; phone_text_alignment=&#8221;default&#8221; background_color_opacity=&#8221;1&#8243; background_hover_color_opacity=&#8221;1&#8243; column_backdrop_filter=&#8221;none&#8221; column_shadow=&#8221;none&#8221; column_border_radius=&#8221;none&#8221; column_link_target=&#8221;_self&#8221; column_position=&#8221;default&#8221; gradient_direction=&#8221;left_to_right&#8221; overlay_strength=&#8221;0.3&#8243; width=&#8221;1\/1&#8243; tablet_width_inherit=&#8221;default&#8221; animation_type=&#8221;default&#8221; bg_image_animation=&#8221;none&#8221; border_type=&#8221;simple&#8221; column_border_width=&#8221;none&#8221; column_border_style=&#8221;solid&#8221;][vc_column_text text_direction=&#8221;default&#8221;]<div class=\"mec-fes-message\">\n    <p>Merci de <a href=\"https:\/\/formations-benevoles.org\/reunion\/wp-login.php?redirect_to=https%3A%2F%2Fformations-benevoles.org%2Freunion%2Fwp-json%2Fwp%2Fv2%2Fpages%2F6392\">Se connecter<\/a>\/<a href=\"https:\/\/formations-benevoles.org\/reunion\/wp-login.php?action=register\">S&#039;enregistrer<\/a> pour soumettre de nouvelles formations.<\/p>\n<\/div>[\/vc_column_text][\/vc_column][\/vc_row][vc_row type=&#8221;in_container&#8221; full_screen_row_position=&#8221;middle&#8221; column_margin=&#8221;default&#8221; column_direction=&#8221;default&#8221; column_direction_tablet=&#8221;default&#8221; column_direction_phone=&#8221;default&#8221; scene_position=&#8221;center&#8221; text_color=&#8221;dark&#8221; text_align=&#8221;left&#8221; row_border_radius=&#8221;none&#8221; row_border_radius_applies=&#8221;bg&#8221; overflow=&#8221;visible&#8221; overlay_strength=&#8221;0.3&#8243; gradient_direction=&#8221;left_to_right&#8221; shape_divider_position=&#8221;bottom&#8221; bg_image_animation=&#8221;none&#8221;][vc_column column_padding=&#8221;no-extra-padding&#8221; column_padding_tablet=&#8221;inherit&#8221; column_padding_phone=&#8221;inherit&#8221; column_padding_position=&#8221;all&#8221; column_element_direction_desktop=&#8221;default&#8221; column_element_spacing=&#8221;default&#8221; desktop_text_alignment=&#8221;default&#8221; tablet_text_alignment=&#8221;default&#8221; phone_text_alignment=&#8221;default&#8221; background_color_opacity=&#8221;1&#8243; background_hover_color_opacity=&#8221;1&#8243; column_backdrop_filter=&#8221;none&#8221; column_shadow=&#8221;none&#8221; column_border_radius=&#8221;none&#8221; column_link_target=&#8221;_self&#8221; column_position=&#8221;default&#8221; gradient_direction=&#8221;left_to_right&#8221; overlay_strength=&#8221;0.3&#8243; width=&#8221;1\/1&#8243; tablet_width_inherit=&#8221;default&#8221; animation_type=&#8221;default&#8221; bg_image_animation=&#8221;none&#8221; border_type=&#8221;simple&#8221; column_border_width=&#8221;none&#8221; column_border_style=&#8221;solid&#8221;][toggles style=&#8221;minimal_small&#8221; accordion=&#8221;true&#8221; accordion_starting_functionality=&#8221;closed&#8221;][toggle color=&#8221;Accent-Color&#8221; heading_tag=&#8221;default&#8221; heading_tag_functionality=&#8221;default&#8221; title=&#8221;Comment bien faire appara\u00eetre ma formation sur la carte ( latitude \/ longitude ) ?&#8221;][vc_column_text css=&#8221;&#8221; text_direction=&#8221;default&#8221;]Tout se joue dans le champ \u00ab Lieu \u00bb. Vous devez d\u00e9j\u00e0 remplir les champs \u00ab Nom du lieu \u00bb, \u00ab adresse \u00bb (indiquer le num\u00e9ro de rue et la rue), \u00ab ville \u00bb et \u00ab code postal \u00bb.<\/p>\n<p><strong>Ensuite, il est tr\u00e8s fortement conseill\u00e9 de remplir les champs \u00ab Longitude \u00bb et \u00ab Latitude \u00bb qui sont les seuls qui vous permettront d\u2019\u00eatre s\u00fbrs d\u2019\u00eatre affich\u00e9s au bon endroit sur la carte. <\/strong>Pour cela, c\u2019est assez simple, rendez-vous par exemple sur https:\/\/www.google.fr\/maps\/preview puis entrez l\u2019adresse du lieu. Un fois votre lieu affich\u00e9 sur ce site :<\/p>\n<ul>\n<li><strong>Sur ordinateur<\/strong>, faites un \u00ab clic droit \u00bb sur le marqueur indiquant votre lieu sur la carte : les coordonn\u00e9s du lieu s\u2019affichent en premier. En cliquant dessus, elles sont automatiquement coll\u00e9es dans votre presse-papier. Vous pouvez ensuite les coller dans les bons champs dans le formulaire (la premi\u00e8re coordonn\u00e9e copi\u00e9e est la latitude, la seconde est la longitude).<\/li>\n<li><strong> Sur t\u00e9l\u00e9phone portable<\/strong> : les coordonn\u00e9es s\u2019affichent en bas de la fiche du lieu. En cliquant dessus, elles sont automatiquement coll\u00e9es dans votre presse-papier. Vous pouvez ensuite les coller dans les bons champs dans le formulaire (la premi\u00e8re coordonn\u00e9e copi\u00e9e est la latitude, la seconde est la longitude).<\/li>\n<\/ul>\n<p>Pour une version avec images de ce tutoriel : <a href=\"https:\/\/formations-benevoles.org\/reunion\/wp-content\/uploads\/sites\/8\/2024\/10\/20241028_Guide-utilisation-structure-AURA.pdf\" target=\"_blank\" rel=\"noopener\">guide d&#8217;utilisation<\/a>[\/vc_column_text][\/toggle][\/toggles][\/vc_column][\/vc_row]\n","protected":false},"excerpt":{"rendered":"<p>[vc_row type=&#8221;full_width_content&#8221; full_screen_row_position=&#8221;middle&#8221; column_margin=&#8221;default&#8221; column_direction=&#8221;default&#8221; column_direction_tablet=&#8221;default&#8221; column_direction_phone=&#8221;default&#8221; scene_position=&#8221;center&#8221; top_margin=&#8221;4%&#8221; bottom_margin=&#8221;4%&#8221; text_color=&#8221;dark&#8221; text_align=&#8221;left&#8221; row_border_radius=&#8221;none&#8221; row_border_radius_applies=&#8221;bg&#8221; overflow=&#8221;visible&#8221; overlay_strength=&#8221;0.3&#8243; gradient_direction=&#8221;left_to_right&#8221; shape_divider_position=&#8221;bottom&#8221; bg_image_animation=&#8221;none&#8221; gradient_type=&#8221;default&#8221; shape_type=&#8221;&#8221;][vc_column column_padding=&#8221;no-extra-padding&#8221; column_padding_tablet=&#8221;inherit&#8221; column_padding_phone=&#8221;inherit&#8221; column_padding_position=&#8221;all&#8221; column_element_direction_desktop=&#8221;default&#8221; column_element_spacing=&#8221;default&#8221; desktop_text_alignment=&#8221;default&#8221; tablet_text_alignment=&#8221;default&#8221; phone_text_alignment=&#8221;default&#8221;&#8230;<\/p>\n","protected":false},"author":1,"featured_media":0,"parent":0,"menu_order":0,"comment_status":"closed","ping_status":"closed","template":"","meta":{"footnotes":""},"class_list":["post-6392","page","type-page","status-publish"],"_links":{"self":[{"href":"https:\/\/formations-benevoles.org\/reunion\/wp-json\/wp\/v2\/pages\/6392","targetHints":{"allow":["GET"]}}],"collection":[{"href":"https:\/\/formations-benevoles.org\/reunion\/wp-json\/wp\/v2\/pages"}],"about":[{"href":"https:\/\/formations-benevoles.org\/reunion\/wp-json\/wp\/v2\/types\/page"}],"author":[{"embeddable":true,"href":"https:\/\/formations-benevoles.org\/reunion\/wp-json\/wp\/v2\/users\/1"}],"replies":[{"embeddable":true,"href":"https:\/\/formations-benevoles.org\/reunion\/wp-json\/wp\/v2\/comments?post=6392"}],"version-history":[{"count":5,"href":"https:\/\/formations-benevoles.org\/reunion\/wp-json\/wp\/v2\/pages\/6392\/revisions"}],"predecessor-version":[{"id":6642,"href":"https:\/\/formations-benevoles.org\/reunion\/wp-json\/wp\/v2\/pages\/6392\/revisions\/6642"}],"wp:attachment":[{"href":"https:\/\/formations-benevoles.org\/reunion\/wp-json\/wp\/v2\/media?parent=6392"}],"curies":[{"name":"wp","href":"https:\/\/api.w.org\/{rel}","templated":true}]}}