{"id":12,"date":"2023-09-01T10:55:34","date_gmt":"2023-09-01T08:55:34","guid":{"rendered":"https:\/\/formationbenevolesma.openscop.work\/paca\/?page_id=12"},"modified":"2024-09-03T16:32:09","modified_gmt":"2024-09-03T14:32:09","slug":"agenda-des-formations","status":"publish","type":"page","link":"https:\/\/formations-benevoles.org\/reunion\/agenda-des-formations\/","title":{"rendered":"Agenda des formations"},"content":{"rendered":"[vc_row type=&#8221;in_container&#8221; full_screen_row_position=&#8221;middle&#8221; column_margin=&#8221;default&#8221; column_direction=&#8221;default&#8221; column_direction_tablet=&#8221;default&#8221; column_direction_phone=&#8221;default&#8221; scene_position=&#8221;center&#8221; top_margin=&#8221;6%&#8221; text_color=&#8221;dark&#8221; text_align=&#8221;left&#8221; row_border_radius=&#8221;none&#8221; row_border_radius_applies=&#8221;bg&#8221; overflow=&#8221;visible&#8221; overlay_strength=&#8221;0.3&#8243; gradient_direction=&#8221;left_to_right&#8221; shape_divider_position=&#8221;bottom&#8221; bg_image_animation=&#8221;none&#8221; gradient_type=&#8221;default&#8221; shape_type=&#8221;&#8221;][vc_column column_padding=&#8221;no-extra-padding&#8221; column_padding_tablet=&#8221;inherit&#8221; column_padding_phone=&#8221;inherit&#8221; column_padding_position=&#8221;all&#8221; column_element_direction_desktop=&#8221;default&#8221; column_element_spacing=&#8221;default&#8221; desktop_text_alignment=&#8221;default&#8221; tablet_text_alignment=&#8221;default&#8221; phone_text_alignment=&#8221;default&#8221; background_color_opacity=&#8221;1&#8243; background_hover_color_opacity=&#8221;1&#8243; column_backdrop_filter=&#8221;none&#8221; column_shadow=&#8221;none&#8221; column_border_radius=&#8221;none&#8221; column_link_target=&#8221;_self&#8221; column_position=&#8221;default&#8221; gradient_direction=&#8221;left_to_right&#8221; overlay_strength=&#8221;0.3&#8243; width=&#8221;1\/1&#8243; tablet_width_inherit=&#8221;default&#8221; animation_type=&#8221;default&#8221; bg_image_animation=&#8221;none&#8221; border_type=&#8221;simple&#8221; column_border_width=&#8221;none&#8221; column_border_style=&#8221;solid&#8221;][vc_column_text text_direction=&#8221;default&#8221;]<div id=\"mec_skin_6170\" class=\"mec-wrap colorskin-custom  \">\n\n    <form id=\"mec_search_form_6170\" class=\"mec-search-form mec-totalcal-box mec-dropdown-classic\" autocomplete=\"off\"><div class=\"mec-dropdown-wrap\" ><div class=\"mec-dropdown-search\"><label for=\"mec_sf_category_6170\">Th\u00e9matique: <\/label><i class=\"mec-sl-folder\"><\/i><select  name=' ' id='mec_sf_category_6170' class='postform'>\n\t<option value='' selected='selected'>Th\u00e9matique<\/option>\n\t<option class=\"level-0\" value=\"150\">Autre<\/option>\n\t<option class=\"level-0\" value=\"120\">Certif&#8217;Asso [ex CFGA]<\/option>\n\t<option class=\"level-0\" value=\"149\">Communication<\/option>\n\t<option class=\"level-0\" value=\"49\">Finances \/ Comptabilit\u00e9<\/option>\n\t<option class=\"level-0\" value=\"44\">Fonctionnement d&#8217;une association<\/option>\n\t<option class=\"level-0\" value=\"50\">Outils num\u00e9riques<\/option>\n<\/select>\n<\/div><div class=\"mec-dropdown-search\"><label for=\"mec_sf_organizer_6170\">Organisateur: <\/label><i class=\"mec-sl-user\"><\/i><select  name=' ' id='mec_sf_organizer_6170' class='postform'>\n\t<option value='' selected='selected'>Organisateur<\/option>\n\t<option class=\"level-0\" value=\"145\">Ligue de l&#8217;enseignement &#8211; F\u00e9d\u00e9ration de La R\u00e9union<\/option>\n\t<option class=\"level-0\" value=\"152\">Maison des Associations de Saint-Beno\u00eet<\/option>\n\t<option class=\"level-0\" value=\"143\">OMSEP<\/option>\n<\/select>\n<\/div><div class=\"mec-dropdown-search\"><label for=\"mec_sf_label_6170\">Zone: <\/label><i class=\"mec-sl-pin\"><\/i><select  name=' ' id='mec_sf_label_6170' class='postform'>\n\t<option value='' selected='selected'>Zone<\/option>\n\t<option class=\"level-0\" value=\"60\">Est<\/option>\n\t<option class=\"level-0\" value=\"57\">Nord<\/option>\n\t<option class=\"level-0\" value=\"59\">Ouest<\/option>\n\t<option class=\"level-0\" value=\"58\">Sud<\/option>\n<\/select>\n<\/div><\/div><div class=\"mec-text-input-search\"><label for=\"mec_sf_s_6170\">Texte: <\/label><i class=\"mec-sl-magnifier\"><\/i>\n                    <input type=\"search\" value=\"\" id=\"mec_sf_s_6170\" placeholder=\"Cherchez une formation\" title=\"Cherchez une formation\" \/>\n                <\/div><div class=\"mec-search-reset-button\"><button class=\"button mec-button\" id=\"mec_search_form_6170_reset\" type=\"button\">R\u00e9initialiser<\/button><\/div><\/form>\n    <div class=\"mec-calendar \" id=\"mec_skin_events_6170_full\">\n        <div class=\"mec-calendar-topsec\">        <div class=\"mec-calendar-side mec-clear\">\n                        <div class=\"mec-skin-monthly-view-month-navigator-container\">\n                <div class=\"mec-month-navigator\" id=\"mec_month_navigator_6170_202604\"><div class=\"mec-previous-month mec-load-month mec-previous-month\" data-mec-year=\"2026\" data-mec-month=\"03\"><a href=\"#\" class=\"mec-load-month-link\"><i class=\"mec-sl-angle-left\"><\/i> mars<\/a><\/div><div class=\"mec-calendar-header\"><h2>avril 2026<\/h2><\/div><div class=\"mec-next-month mec-load-month mec-next-month\" data-mec-year=\"2026\" data-mec-month=\"05\"><a href=\"#\" class=\"mec-load-month-link\">mai <i class=\"mec-sl-angle-right\"><\/i><\/a><\/div><\/div>\n            <\/div>\n            \n            <div class=\"mec-calendar-table\" id=\"mec_skin_events_6170\">\n                <div class=\"mec-month-container mec-month-container-selected\" id=\"mec_monthly_view_month_6170_202604\" data-month-id=\"202604\"><dl class=\"mec-calendar-table-head\"><dt class=\"mec-calendar-day-head\">LUN<\/dt><dt class=\"mec-calendar-day-head\">MAR<\/dt><dt class=\"mec-calendar-day-head\">MER<\/dt><dt class=\"mec-calendar-day-head\">JEU<\/dt><dt class=\"mec-calendar-day-head\">VEN<\/dt><dt class=\"mec-calendar-day-head\">SAM<\/dt><dt class=\"mec-calendar-day-head\">DIM<\/dt><\/dl><dl class=\"mec-calendar-row\">\n    <dt class=\"mec-table-nullday\">30<\/dt><dt class=\"mec-table-nullday\">31<\/dt><dt class=\"mec-calendar-day \" data-mec-cell=\"20260401\" data-day=\"1\" data-month=\"202604\">1<\/dt><\/dt><dt class=\"mec-calendar-day \" data-mec-cell=\"20260402\" data-day=\"2\" data-month=\"202604\">2<\/dt><\/dt><dt class=\"mec-calendar-day \" data-mec-cell=\"20260403\" data-day=\"3\" data-month=\"202604\">3<\/dt><\/dt><dt class=\"mec-calendar-day \" data-mec-cell=\"20260404\" data-day=\"4\" data-month=\"202604\">4<\/dt><\/dt><dt class=\"mec-calendar-day  mec-selected-day\" data-mec-cell=\"20260405\" data-day=\"5\" data-month=\"202604\">5<\/dt><\/dt><\/dl><dl class=\"mec-calendar-row\"><dt class=\"mec-calendar-day \" data-mec-cell=\"20260406\" data-day=\"6\" data-month=\"202604\">6<\/dt><\/dt><dt class=\"mec-calendar-day \" data-mec-cell=\"20260407\" data-day=\"7\" data-month=\"202604\">7<\/dt><\/dt><dt class=\"mec-calendar-day \" data-mec-cell=\"20260408\" data-day=\"8\" data-month=\"202604\">8<\/dt><\/dt><dt class=\"mec-calendar-day \" data-mec-cell=\"20260409\" data-day=\"9\" data-month=\"202604\">9<\/dt><\/dt><dt class=\"mec-calendar-day \" data-mec-cell=\"20260410\" data-day=\"10\" data-month=\"202604\">10<\/dt><\/dt><dt class=\"mec-calendar-day \" data-mec-cell=\"20260411\" data-day=\"11\" data-month=\"202604\">11<\/dt><\/dt><dt class=\"mec-calendar-day \" data-mec-cell=\"20260412\" data-day=\"12\" data-month=\"202604\">12<\/dt><\/dt><\/dl><dl class=\"mec-calendar-row\"><dt class=\"mec-calendar-day \" data-mec-cell=\"20260413\" data-day=\"13\" data-month=\"202604\">13<\/dt><\/dt><dt class=\"mec-calendar-day \" data-mec-cell=\"20260414\" data-day=\"14\" data-month=\"202604\">14<\/dt><\/dt><dt class=\"mec-calendar-day \" data-mec-cell=\"20260415\" data-day=\"15\" data-month=\"202604\">15<\/dt><\/dt><dt class=\"mec-calendar-day \" data-mec-cell=\"20260416\" data-day=\"16\" data-month=\"202604\">16<\/dt><\/dt><dt class=\"mec-calendar-day \" data-mec-cell=\"20260417\" data-day=\"17\" data-month=\"202604\">17<\/dt><\/dt><dt class=\"mec-calendar-day \" data-mec-cell=\"20260418\" data-day=\"18\" data-month=\"202604\">18<\/dt><\/dt><dt class=\"mec-calendar-day \" data-mec-cell=\"20260419\" data-day=\"19\" data-month=\"202604\">19<\/dt><\/dt><\/dl><dl class=\"mec-calendar-row\"><dt class=\"mec-calendar-day \" data-mec-cell=\"20260420\" data-day=\"20\" data-month=\"202604\">20<\/dt><\/dt><dt class=\"mec-calendar-day \" data-mec-cell=\"20260421\" data-day=\"21\" data-month=\"202604\">21<\/dt><\/dt><dt class=\"mec-calendar-day \" data-mec-cell=\"20260422\" data-day=\"22\" data-month=\"202604\">22<\/dt><\/dt><dt class=\"mec-calendar-day \" data-mec-cell=\"20260423\" data-day=\"23\" data-month=\"202604\">23<\/dt><\/dt><dt class=\"mec-calendar-day \" data-mec-cell=\"20260424\" data-day=\"24\" data-month=\"202604\">24<\/dt><\/dt><dt class=\"mec-calendar-day \" data-mec-cell=\"20260425\" data-day=\"25\" data-month=\"202604\">25<\/dt><\/dt><dt class=\"mec-calendar-day \" data-mec-cell=\"20260426\" data-day=\"26\" data-month=\"202604\">26<\/dt><\/dt><\/dl><dl class=\"mec-calendar-row\"><dt class=\"mec-calendar-day \" data-mec-cell=\"20260427\" data-day=\"27\" data-month=\"202604\">27<\/dt><\/dt><dt class=\"mec-calendar-day \" data-mec-cell=\"20260428\" data-day=\"28\" data-month=\"202604\">28<\/dt><\/dt><dt class=\"mec-calendar-day \" data-mec-cell=\"20260429\" data-day=\"29\" data-month=\"202604\">29<\/dt><\/dt><dt class=\"mec-calendar-day \" data-mec-cell=\"20260430\" data-day=\"30\" data-month=\"202604\">30<\/dt><\/dt><\/dl>\n<\/div>\n            <\/div>\n\n                    <\/div>\n        <div class=\"mec-calendar-events-side mec-clear\"><div class=\"mec-month-side\" id=\"mec_month_side_6170_202604\"><h3 class=\"mec-table-side-title\">\u00c9v\u00e9nements<\/h3><\/div><\/div><\/div><div class=\"mec-event-footer\"><\/div>    <\/div>\n\n        \n        <div class=\"mec-modal-result\"><\/div>\n\n<\/div>[\/vc_column_text][\/vc_column][\/vc_row][vc_row type=&#8221;in_container&#8221; full_screen_row_position=&#8221;middle&#8221; column_margin=&#8221;default&#8221; column_direction=&#8221;default&#8221; column_direction_tablet=&#8221;default&#8221; column_direction_phone=&#8221;default&#8221; scene_position=&#8221;center&#8221; text_color=&#8221;dark&#8221; text_align=&#8221;left&#8221; row_border_radius=&#8221;none&#8221; row_border_radius_applies=&#8221;bg&#8221; overflow=&#8221;visible&#8221; overlay_strength=&#8221;0.3&#8243; gradient_direction=&#8221;left_to_right&#8221; shape_divider_position=&#8221;bottom&#8221; bg_image_animation=&#8221;none&#8221;][vc_column column_padding=&#8221;no-extra-padding&#8221; column_padding_tablet=&#8221;inherit&#8221; column_padding_phone=&#8221;inherit&#8221; column_padding_position=&#8221;all&#8221; column_element_direction_desktop=&#8221;default&#8221; column_element_spacing=&#8221;default&#8221; desktop_text_alignment=&#8221;default&#8221; tablet_text_alignment=&#8221;default&#8221; phone_text_alignment=&#8221;default&#8221; background_color_opacity=&#8221;1&#8243; background_hover_color_opacity=&#8221;1&#8243; column_backdrop_filter=&#8221;none&#8221; column_shadow=&#8221;none&#8221; column_border_radius=&#8221;none&#8221; column_link_target=&#8221;_self&#8221; column_position=&#8221;default&#8221; gradient_direction=&#8221;left_to_right&#8221; overlay_strength=&#8221;0.3&#8243; width=&#8221;1\/1&#8243; tablet_width_inherit=&#8221;default&#8221; animation_type=&#8221;default&#8221; bg_image_animation=&#8221;none&#8221; border_type=&#8221;simple&#8221; column_border_width=&#8221;none&#8221; column_border_style=&#8221;solid&#8221;][nectar_btn size=&#8221;large&#8221; button_style=&#8221;regular&#8221; button_color_2=&#8221;Accent-Color&#8221; color_override=&#8221;#d75256&#8243; solid_text_color_override=&#8221;#ffffff&#8221; icon_family=&#8221;none&#8221; text=&#8221;\u2192 Ajouter une formation&#8221; url=&#8221;https:\/\/formations-benevoles.org\/reunion\/ajouter-evenement\/&#8221;][\/vc_column][\/vc_row]\n","protected":false},"excerpt":{"rendered":"<p>[vc_row type=&#8221;in_container&#8221; full_screen_row_position=&#8221;middle&#8221; column_margin=&#8221;default&#8221; column_direction=&#8221;default&#8221; column_direction_tablet=&#8221;default&#8221; column_direction_phone=&#8221;default&#8221; scene_position=&#8221;center&#8221; top_margin=&#8221;6%&#8221; text_color=&#8221;dark&#8221; text_align=&#8221;left&#8221; row_border_radius=&#8221;none&#8221; row_border_radius_applies=&#8221;bg&#8221; overflow=&#8221;visible&#8221; overlay_strength=&#8221;0.3&#8243; gradient_direction=&#8221;left_to_right&#8221; shape_divider_position=&#8221;bottom&#8221; bg_image_animation=&#8221;none&#8221; gradient_type=&#8221;default&#8221; shape_type=&#8221;&#8221;][vc_column column_padding=&#8221;no-extra-padding&#8221; column_padding_tablet=&#8221;inherit&#8221; column_padding_phone=&#8221;inherit&#8221; column_padding_position=&#8221;all&#8221; column_element_direction_desktop=&#8221;default&#8221; column_element_spacing=&#8221;default&#8221; desktop_text_alignment=&#8221;default&#8221; tablet_text_alignment=&#8221;default&#8221; phone_text_alignment=&#8221;default&#8221; background_color_opacity=&#8221;1&#8243;&#8230;<\/p>\n","protected":false},"author":1,"featured_media":0,"parent":0,"menu_order":0,"comment_status":"closed","ping_status":"closed","template":"","meta":{"footnotes":""},"class_list":["post-12","page","type-page","status-publish"],"_links":{"self":[{"href":"https:\/\/formations-benevoles.org\/reunion\/wp-json\/wp\/v2\/pages\/12","targetHints":{"allow":["GET"]}}],"collection":[{"href":"https:\/\/formations-benevoles.org\/reunion\/wp-json\/wp\/v2\/pages"}],"about":[{"href":"https:\/\/formations-benevoles.org\/reunion\/wp-json\/wp\/v2\/types\/page"}],"author":[{"embeddable":true,"href":"https:\/\/formations-benevoles.org\/reunion\/wp-json\/wp\/v2\/users\/1"}],"replies":[{"embeddable":true,"href":"https:\/\/formations-benevoles.org\/reunion\/wp-json\/wp\/v2\/comments?post=12"}],"version-history":[{"count":4,"href":"https:\/\/formations-benevoles.org\/reunion\/wp-json\/wp\/v2\/pages\/12\/revisions"}],"predecessor-version":[{"id":6564,"href":"https:\/\/formations-benevoles.org\/reunion\/wp-json\/wp\/v2\/pages\/12\/revisions\/6564"}],"wp:attachment":[{"href":"https:\/\/formations-benevoles.org\/reunion\/wp-json\/wp\/v2\/media?parent=12"}],"curies":[{"name":"wp","href":"https:\/\/api.w.org\/{rel}","templated":true}]}}