{"id":6218,"date":"2023-10-20T15:08:49","date_gmt":"2023-10-20T13:08:49","guid":{"rendered":"https:\/\/formationbenevolesma.openscop.work\/paca\/?page_id=6218"},"modified":"2024-07-04T11:22:43","modified_gmt":"2024-07-04T09:22:43","slug":"valorisation-du-benevolat","status":"publish","type":"page","link":"https:\/\/formations-benevoles.org\/provence-alpes-cote-dazur\/valorisation-du-benevolat\/","title":{"rendered":"Valorisation du b\u00e9n\u00e9volat"},"content":{"rendered":"[vc_row type=&#8221;in_container&#8221; full_screen_row_position=&#8221;middle&#8221; column_margin=&#8221;default&#8221; column_direction=&#8221;default&#8221; column_direction_tablet=&#8221;default&#8221; column_direction_phone=&#8221;default&#8221; scene_position=&#8221;center&#8221; text_color=&#8221;dark&#8221; text_align=&#8221;left&#8221; row_border_radius=&#8221;none&#8221; row_border_radius_applies=&#8221;bg&#8221; overflow=&#8221;visible&#8221; overlay_strength=&#8221;0.3&#8243; gradient_direction=&#8221;left_to_right&#8221; shape_divider_color=&#8221;#a8d7d2&#8243; shape_divider_position=&#8221;top&#8221; bg_image_animation=&#8221;none&#8221; gradient_type=&#8221;default&#8221; shape_type=&#8221;tilt_alt&#8221;][vc_column column_padding=&#8221;no-extra-padding&#8221; column_padding_tablet=&#8221;inherit&#8221; column_padding_phone=&#8221;inherit&#8221; column_padding_position=&#8221;all&#8221; column_element_direction_desktop=&#8221;default&#8221; column_element_spacing=&#8221;default&#8221; desktop_text_alignment=&#8221;default&#8221; tablet_text_alignment=&#8221;default&#8221; phone_text_alignment=&#8221;default&#8221; background_color_opacity=&#8221;1&#8243; background_hover_color_opacity=&#8221;1&#8243; column_backdrop_filter=&#8221;none&#8221; column_shadow=&#8221;none&#8221; column_border_radius=&#8221;none&#8221; column_link_target=&#8221;_self&#8221; column_position=&#8221;default&#8221; gradient_direction=&#8221;left_to_right&#8221; overlay_strength=&#8221;0.3&#8243; width=&#8221;1\/1&#8243; tablet_width_inherit=&#8221;default&#8221; animation_type=&#8221;default&#8221; bg_image_animation=&#8221;none&#8221; border_type=&#8221;simple&#8221; column_border_width=&#8221;none&#8221; column_border_style=&#8221;solid&#8221;][heading]\n<h4><span style=\"color: #13aba7\">La valorisation de l&#8217;engagement b\u00e9n\u00e9vole<\/span><\/h4>\n[\/heading][vc_column_text]\n<h5>L\u2019engagement b\u00e9n\u00e9vole est le moteur de la vie associative ; le rendre visible permet de rendre compte des ressources que les associations mobilisent au quotidien.<\/h5>\n<h5>Plusieurs d\u00e9marches visant \u00e0 am\u00e9liorer la connaissance et la reconnaissance du b\u00e9n\u00e9volat ont \u00e9t\u00e9 mises en place ; notamment la valorisation comptable, la valorisation par la formation, la valorisation des comp\u00e9tences b\u00e9n\u00e9voles ou encore la valorisation par la prise de responsabilit\u00e9s au sein de l\u2019association.\u00a0 Comptabiliser le temps pass\u00e9 au sein de l\u2019association, reconna\u00eetre l\u2019acquisition de comp\u00e9tences, proposer aux b\u00e9n\u00e9voles de se former et confier des responsabilit\u00e9s sont autant de moyens qui permettent de r\u00e9compenser l\u2019implication des b\u00e9n\u00e9voles.<\/h5>\n[\/vc_column_text][divider line_type=&#8221;No Line&#8221; custom_height=&#8221;80&#8243;][nectar_blog layout=&#8221;masonry-blog-fullwidth&#8221; blog_masonry_style=&#8221;material&#8221; load_in_animation=&#8221;fade_in_from_bottom&#8221; category=&#8221;valorisation-des-benevoles&#8221; order=&#8221;DESC&#8221; orderby=&#8221;date&#8221; blog_remove_post_date=&#8221;true&#8221; blog_remove_post_author=&#8221;true&#8221; blog_remove_post_comment_number=&#8221;true&#8221; blog_remove_post_nectar_love=&#8221;true&#8221; posts_per_page=&#8221;4&#8243;][\/vc_column][\/vc_row]\n","protected":false},"excerpt":{"rendered":"<p>[vc_row type=&#8221;in_container&#8221; full_screen_row_position=&#8221;middle&#8221; column_margin=&#8221;default&#8221; column_direction=&#8221;default&#8221; column_direction_tablet=&#8221;default&#8221; column_direction_phone=&#8221;default&#8221; scene_position=&#8221;center&#8221; text_color=&#8221;dark&#8221; text_align=&#8221;left&#8221; row_border_radius=&#8221;none&#8221; row_border_radius_applies=&#8221;bg&#8221; overflow=&#8221;visible&#8221; overlay_strength=&#8221;0.3&#8243; gradient_direction=&#8221;left_to_right&#8221; shape_divider_color=&#8221;#a8d7d2&#8243; shape_divider_position=&#8221;top&#8221; bg_image_animation=&#8221;none&#8221; gradient_type=&#8221;default&#8221; shape_type=&#8221;tilt_alt&#8221;][vc_column column_padding=&#8221;no-extra-padding&#8221; column_padding_tablet=&#8221;inherit&#8221; column_padding_phone=&#8221;inherit&#8221; column_padding_position=&#8221;all&#8221; column_element_direction_desktop=&#8221;default&#8221; column_element_spacing=&#8221;default&#8221; desktop_text_alignment=&#8221;default&#8221; tablet_text_alignment=&#8221;default&#8221; phone_text_alignment=&#8221;default&#8221; background_color_opacity=&#8221;1&#8243;&#8230;<\/p>\n","protected":false},"author":2,"featured_media":0,"parent":0,"menu_order":0,"comment_status":"closed","ping_status":"closed","template":"","meta":{"footnotes":""},"class_list":["post-6218","page","type-page","status-publish"],"_links":{"self":[{"href":"https:\/\/formations-benevoles.org\/provence-alpes-cote-dazur\/wp-json\/wp\/v2\/pages\/6218","targetHints":{"allow":["GET"]}}],"collection":[{"href":"https:\/\/formations-benevoles.org\/provence-alpes-cote-dazur\/wp-json\/wp\/v2\/pages"}],"about":[{"href":"https:\/\/formations-benevoles.org\/provence-alpes-cote-dazur\/wp-json\/wp\/v2\/types\/page"}],"author":[{"embeddable":true,"href":"https:\/\/formations-benevoles.org\/provence-alpes-cote-dazur\/wp-json\/wp\/v2\/users\/2"}],"replies":[{"embeddable":true,"href":"https:\/\/formations-benevoles.org\/provence-alpes-cote-dazur\/wp-json\/wp\/v2\/comments?post=6218"}],"version-history":[{"count":0,"href":"https:\/\/formations-benevoles.org\/provence-alpes-cote-dazur\/wp-json\/wp\/v2\/pages\/6218\/revisions"}],"wp:attachment":[{"href":"https:\/\/formations-benevoles.org\/provence-alpes-cote-dazur\/wp-json\/wp\/v2\/media?parent=6218"}],"curies":[{"name":"wp","href":"https:\/\/api.w.org\/{rel}","templated":true}]}}