{"id":6644,"date":"2024-09-03T11:54:13","date_gmt":"2024-09-03T09:54:13","guid":{"rendered":"https:\/\/formations-benevoles.org\/occitanie\/?page_id=6644"},"modified":"2024-09-03T16:55:28","modified_gmt":"2024-09-03T14:55:28","slug":"widget-generateur","status":"publish","type":"page","link":"https:\/\/formations-benevoles.org\/occitanie\/widget-generateur\/","title":{"rendered":"Widget g\u00e9n\u00e9rateur"},"content":{"rendered":"[vc_row type=&#8221;in_container&#8221; full_screen_row_position=&#8221;middle&#8221; column_margin=&#8221;default&#8221; column_direction=&#8221;default&#8221; column_direction_tablet=&#8221;default&#8221; column_direction_phone=&#8221;default&#8221; scene_position=&#8221;center&#8221; text_color=&#8221;dark&#8221; text_align=&#8221;left&#8221; row_border_radius=&#8221;none&#8221; row_border_radius_applies=&#8221;bg&#8221; overflow=&#8221;visible&#8221; overlay_strength=&#8221;0.3&#8243; gradient_direction=&#8221;left_to_right&#8221; shape_divider_position=&#8221;bottom&#8221; bg_image_animation=&#8221;none&#8221;][vc_column column_padding=&#8221;no-extra-padding&#8221; column_padding_tablet=&#8221;inherit&#8221; column_padding_phone=&#8221;inherit&#8221; column_padding_position=&#8221;all&#8221; column_element_direction_desktop=&#8221;default&#8221; column_element_spacing=&#8221;default&#8221; desktop_text_alignment=&#8221;default&#8221; tablet_text_alignment=&#8221;default&#8221; phone_text_alignment=&#8221;default&#8221; background_color_opacity=&#8221;1&#8243; background_hover_color_opacity=&#8221;1&#8243; column_backdrop_filter=&#8221;none&#8221; column_shadow=&#8221;none&#8221; column_border_radius=&#8221;none&#8221; column_link_target=&#8221;_self&#8221; column_position=&#8221;default&#8221; gradient_direction=&#8221;left_to_right&#8221; overlay_strength=&#8221;0.3&#8243; width=&#8221;1\/1&#8243; tablet_width_inherit=&#8221;default&#8221; animation_type=&#8221;default&#8221; bg_image_animation=&#8221;none&#8221; border_type=&#8221;simple&#8221; column_border_width=&#8221;none&#8221; column_border_style=&#8221;solid&#8221;][vc_raw_html]JTVCdmNfcm93JTIwdHlwZSUzRCUyMmluX2NvbnRhaW5lciUyMiUyMGZ1bGxfc2NyZWVuX3Jvd19wb3NpdGlvbiUzRCUyMm1pZGRsZSUyMiUyMGNvbHVtbl9tYXJnaW4lM0QlMjJkZWZhdWx0JTIyJTIwY29sdW1uX2RpcmVjdGlvbiUzRCUyMmRlZmF1bHQlMjIlMjBjb2x1bW5fZGlyZWN0aW9uX3RhYmxldCUzRCUyMmRlZmF1bHQlMjIlMjBjb2x1bW5fZGlyZWN0aW9uX3Bob25lJTNEJTIyZGVmYXVsdCUyMiUyMHNjZW5lX3Bvc2l0aW9uJTNEJTIyY2VudGVyJTIyJTIwdGV4dF9jb2xvciUzRCUyMmRhcmslMjIlMjB0ZXh0X2FsaWduJTNEJTIybGVmdCUyMiUyMHJvd19ib3JkZXJfcmFkaXVzJTNEJTIybm9uZSUyMiUyMHJvd19ib3JkZXJfcmFkaXVzX2FwcGxpZXMlM0QlMjJiZyUyMiUyMG92ZXJmbG93JTNEJTIydmlzaWJsZSUyMiUyMG92ZXJsYXlfc3RyZW5ndGglM0QlMjIwLjMlMjIlMjBncmFkaWVudF9kaXJlY3Rpb24lM0QlMjJsZWZ0X3RvX3JpZ2h0JTIyJTIwc2hhcGVfZGl2aWRlcl9wb3NpdGlvbiUzRCUyMmJvdHRvbSUyMiUyMGJnX2ltYWdlX2FuaW1hdGlvbiUzRCUyMm5vbmUlMjIlNUQlNUJ2Y19jb2x1bW4lMjBjb2x1bW5fcGFkZGluZyUzRCUyMnBhZGRpbmctMy1wZXJjZW50JTIyJTIwY29sdW1uX3BhZGRpbmdfdGFibGV0JTNEJTIyaW5oZXJpdCUyMiUyMGNvbHVtbl9wYWRkaW5nX3Bob25lJTNEJTIyaW5oZXJpdCUyMiUyMGNvbHVtbl9wYWRkaW5nX3Bvc2l0aW9uJTNEJTIyYWxsJTIyJTIwY29sdW1uX2VsZW1lbnRfZGlyZWN0aW9uX2Rlc2t0b3AlM0QlMjJkZWZhdWx0JTIyJTIwY29sdW1uX2VsZW1lbnRfc3BhY2luZyUzRCUyMmRlZmF1bHQlMjIlMjBkZXNrdG9wX3RleHRfYWxpZ25tZW50JTNEJTIyZGVmYXVsdCUyMiUyMHRhYmxldF90ZXh0X2FsaWdubWVudCUzRCUyMmRlZmF1bHQlMjIlMjBwaG9uZV90ZXh0X2FsaWdubWVudCUzRCUyMmRlZmF1bHQlMjIlMjBiYWNrZ3JvdW5kX2NvbG9yX29wYWNpdHklM0QlMjIxJTIyJTIwYmFja2dyb3VuZF9ob3Zlcl9jb2xvcl9vcGFjaXR5JTNEJTIyMSUyMiUyMGNvbHVtbl9iYWNrZHJvcF9maWx0ZXIlM0QlMjJub25lJTIyJTIwY29sdW1uX3NoYWRvdyUzRCUyMm5vbmUlMjIlMjBjb2x1bW5fYm9yZGVyX3JhZGl1cyUzRCUyMm5vbmUlMjIlMjBjb2x1bW5fbGlua190YXJnZXQlM0QlMjJfc2VsZiUyMiUyMGNvbHVtbl9wb3NpdGlvbiUzRCUyMmRlZmF1bHQlMjIlMjBncmFkaWVudF9kaXJlY3Rpb24lM0QlMjJsZWZ0X3RvX3JpZ2h0JTIyJTIwb3ZlcmxheV9zdHJlbmd0aCUzRCUyMjAuMyUyMiUyMHdpZHRoJTNEJTIyMSUyRjIlMjIlMjB0YWJsZXRfd2lkdGhfaW5oZXJpdCUzRCUyMmRlZmF1bHQlMjIlMjBhbmltYXRpb25fdHlwZSUzRCUyMmRlZmF1bHQlMjIlMjBiZ19pbWFnZV9hbmltYXRpb24lM0QlMjJub25lJTIyJTIwYm9yZGVyX3R5cGUlM0QlMjJzaW1wbGUlMjIlMjBjb2x1bW5fYm9yZGVyX3dpZHRoJTNEJTIybm9uZSUyMiUyMGNvbHVtbl9ib3JkZXJfc3R5bGUlM0QlMjJzb2xpZCUyMiUyMGNvbHVtbl9wYWRkaW5nX3R5cGUlM0QlMjJkZWZhdWx0JTIyJTIwZ3JhZGllbnRfdHlwZSUzRCUyMmRlZmF1bHQlMjIlNUQlNUJ2Y19jb2x1bW5fdGV4dCUyMHRleHRfZGlyZWN0aW9uJTNEJTIyZGVmYXVsdCUyMiU1RCUwQSUzQ2gyJTNFJTNDc3Ryb25nJTNFQmllbnZlbnVlJTIwc3VyJTIwbCUyN291dGlsJTIwZCUyN2ludCVDMyVBOWdyYXRpb24lMjBkZXMlMjBmb3JtYXRpb25zJTIwZHUlMjBwb3J0YWlsJTIwciVDMyVBOWdpb25hbCUyMHN1ciUyMGRlcyUyMHNpdGVzJTIwZXh0JUMzJUE5cmlldXJzLiUzQyUyRnN0cm9uZyUzRSUzQyUyRmgyJTNFJTBBJTI2bmJzcCUzQiUwQSUwQUNldCUyMG91dGlsJTIwdm91cyUyMHBlcm1ldHRyYSUyMGQlMjdhZmZpY2hlciUyMGxlcyUyMGZvcm1hdGlvbnMlMjBwciVDMyVBOXNlbnRlcyUyMHN1ciUyMGxlJTIwcG9ydGFpbCUyMHIlQzMlQTlnaW9uYWwlMjAlM0NzdHJvbmclM0VzdXIlMjBsZSUyMHNpdGUlMjBpbnRlcm5ldCUyMGRlJTIwdm90cmUlMjBjaG9peC4lM0MlMkZzdHJvbmclM0UlMEElMEFHciVDMyVBMmNlJTIwYXV4JTIwY3JpdCVDMyVBOHJlcyUyMGRlJTIwcyVDMyVBOWxlY3Rpb24lMkMlMjAlM0NzdHJvbmclM0V2b3VzJTIwcG91dmV6JTIwY2hvaXNpciUyMGQlMjdhZmZpY2hlciUyMHNldWxlbWVudCUyMHVuZSUyMHBhcnRpZSUyMGRlcyUyMGZvcm1hdGlvbnMlM0MlMkZzdHJvbmclM0UlMjBwciVDMyVBOXNlbnRlcyUyMHN1ciUyMGxlJTIwcG9ydGFpbCUyMHIlQzMlQTlnaW9uYWwuJTIwQWluc2klMkMlMjB2b3VzJTIwcG91dmV6JTIwY2hvaXNpciUyMGQlMjdhZmZpY2hlciUyMHNldWxlbWVudCUyMCUzQSUwQSUwQSUzQ2VtJTNFLSUyMGxlcyUyMGZvcm1hdGlvbnMlMjBkJTI3dW4lMjBvcmdhbmlzYXRldXIlMjBzcCVDMyVBOWNpZmlxdWUlM0MlMkZlbSUzRSUwQSUzQ2VtJTNFLSUyMGxlcyUyMGZvcm1hdGlvbnMlMjBkJTI3dW4lMjB0aCVDMyVBOG1lJTIwc3AlQzMlQTljaWZpcXVlJTNDJTJGZW0lM0UlMEElM0NlbSUzRS0lMjBsZXMlMjBmb3JtYXRpb25zJTIwZCUyN3VuJTIwZCVDMyVBOXBhcnRlbWVudCUzQyUyRmVtJTNFJTBBJTNDZW0lM0UtJTIwbGVzJTIwZm9ybWF0aW9ucyUyMGVuJTIwcHIlQzMlQTlzZW5jZSUyMG91JTIwJUMzJUEwJTIwZGlzdGFuY2UlM0MlMkZlbSUzRSUwQSUzQ2VtJTNFLSUyMGxlcyUyMGZvcm1hdGlvbnMlMjByJUMzJUE5cG9uZGFudCUyMCVDMyVBMCUyMHVuJTIwb3UlMjBwbHVzaWV1cnMlMjBtb3RzLWNsJUMzJUE5cyUzQyUyRmVtJTNFJTVCJTJGdmNfY29sdW1uX3RleHQlNUQlNUIlMkZ2Y19jb2x1bW4lNUQlNUJ2Y19jb2x1bW4lMjBjb2x1bW5fcGFkZGluZyUzRCUyMnBhZGRpbmctNS1wZXJjZW50JTIyJTIwY29sdW1uX3BhZGRpbmdfdGFibGV0JTNEJTIyaW5oZXJpdCUyMiUyMGNvbHVtbl9wYWRkaW5nX3Bob25lJTNEJTIyaW5oZXJpdCUyMiUyMGNvbHVtbl9wYWRkaW5nX3Bvc2l0aW9uJTNEJTIyYWxsJTIyJTIwY29sdW1uX2VsZW1lbnRfZGlyZWN0aW9uX2Rlc2t0b3AlM0QlMjJkZWZhdWx0JTIyJTIwY29sdW1uX2VsZW1lbnRfc3BhY2luZyUzRCUyMmRlZmF1bHQlMjIlMjBkZXNrdG9wX3RleHRfYWxpZ25tZW50JTNEJTIyZGVmYXVsdCUyMiUyMHRhYmxldF90ZXh0X2FsaWdubWVudCUzRCUyMmRlZmF1bHQlMjIlMjBwaG9uZV90ZXh0X2FsaWdubWVudCUzRCUyMmRlZmF1bHQlMjIlMjBiYWNrZ3JvdW5kX2NvbG9yJTNEJTIyJTIzZDc1MjU2JTIyJTIwYmFja2dyb3VuZF9jb2xvcl9vcGFjaXR5JTNEJTIyMSUyMiUyMGJhY2tncm91bmRfaG92ZXJfY29sb3Jfb3BhY2l0eSUzRCUyMjElMjIlMjBjb2x1bW5fYmFja2Ryb3BfZmlsdGVyJTNEJTIybm9uZSUyMiUyMGNvbHVtbl9zaGFkb3clM0QlMjJub25lJTIyJTIwY29sdW1uX2JvcmRlcl9yYWRpdXMlM0QlMjJub25lJTIyJTIwY29sdW1uX2xpbmtfdGFyZ2V0JTNEJTIyX3NlbGYlMjIlMjBjb2x1bW5fcG9zaXRpb24lM0QlMjJkZWZhdWx0JTIyJTIwZ3JhZGllbnRfZGlyZWN0aW9uJTNEJTIybGVmdF90b19yaWdodCUyMiUyMG92ZXJsYXlfc3RyZW5ndGglM0QlMjIwLjMlMjIlMjB3aWR0aCUzRCUyMjElMkYyJTIyJTIwdGFibGV0X3dpZHRoX2luaGVyaXQlM0QlMjJkZWZhdWx0JTIyJTIwYW5pbWF0aW9uX3R5cGUlM0QlMjJkZWZhdWx0JTIyJTIwYmdfaW1hZ2VfYW5pbWF0aW9uJTNEJTIybm9uZSUyMiUyMGJvcmRlcl90eXBlJTNEJTIyc2ltcGxlJTIyJTIwY29sdW1uX2JvcmRlcl93aWR0aCUzRCUyMm5vbmUlMjIlMjBjb2x1bW5fYm9yZGVyX3N0eWxlJTNEJTIyc29saWQlMjIlMjBjb2x1bW5fcGFkZGluZ190eXBlJTNEJTIyZGVmYXVsdCUyMiUyMGdyYWRpZW50X3R5cGUlM0QlMjJkZWZhdWx0JTIyJTVEJTVCdmNfY29sdW1uX3RleHQlMjB0ZXh0X2RpcmVjdGlvbiUzRCUyMmRlZmF1bHQlMjIlNUQlMEElM0NoNCUzRUNvbW1lbnQlMjB1dGlsaXNlciUyMGNldCUyMG91dGlsJTIwJTNGJTNDJTJGaDQlM0UlMEElM0NlbSUzRSUwQSUzQyUyRmVtJTNFJTNDc3Ryb25nJTNFJUMzJTg5dGFwZSUyMDElMjAlM0MlMkZzdHJvbmclM0UlM0NlbSUzRSUwQSUzQyUyRmVtJTNFRGFucyUyMGxlJTIwY2FkcmUlMjBjaS1kZXNzb3VzJTJDJTIwbyVDMyVCOSUyMGZpZ3VyZW50JTIwbGVzJTIwY3JpdCVDMyVBOHJlcyUyQyUyMHMlQzMlQTlsZWN0aW9ubmV6JTIwY2V1eCUyMHF1aSUyMHZvdXMlMjBpbnQlQzMlQTlyZXNzZW50JTIwJTI4b3JnYW5pc2F0ZXVyJTJDJTIwdGglQzMlQThtZSUyQyUyMGQlQzMlQTlwYXJ0ZW1lbnQuLi4lMjkuJTIwU2klMjB2b3VzJTIwc291aGFpdGV6JTIwcyVDMyVBOWxlY3Rpb25uZXIlMjB0b3V0ZXMlMjBsZXMlMjBmb3JtYXRpb25zJTIwZHUlMjBwb3J0YWlsJTIwciVDMyVBOWdpb25hbCUyQyUyMG4lMjdlbnRyZXolMjByaWVuJTIwZGFucyUyMGNlcyUyMGNhc2VzLiUwQSUwQSUzQ3N0cm9uZyUzRSVDMyU4OXRhcGUlMjAyJTNDJTJGc3Ryb25nJTNFJTNDZW0lM0UlMEElM0MlMkZlbSUzRVNpJTIwdm91cyUyMGxlJTIwc291aGFpdGV6JTJDJTIwdmlzdWFsaXNleiUyMGwlMjdhcGVyJUMzJUE3dSUyMGRlcyUyMGZvcm1hdGlvbnMlMjBzJUMzJUE5bGVjdGlvbm4lQzMlQTllcyUyMGVuJTIwYmFzJTIwZGUlMjBwYWdlLiUwQSUwQSUzQ3N0cm9uZyUzRSVDMyU4OXRhcGUlMjAzJTNDJTJGc3Ryb25nJTNFJTNDZW0lM0UlMEElM0MlMkZlbSUzRUNvcGlleiUyMGxlJTIwdGV4dGUlMjBwciVDMyVBOXNlbnQlMjBkYW5zJTIwbGUlMjBjYWRyZSUyMCUyMkNvZGUlMjAlQzMlQTAlMjBjb3BpZXIlMjIuJTIwUG91ciUyMHBsdXMlMjBkZSUyMHNpbXBsaWNpdCVDMyVBOSUyQyUyMGNsaXF1ZXolMjBzdXIlMjBsZSUyMHBpY3RvZ3JhbW1lJTIwcXVpJTIwc2UlMjBzaXR1ZSUyMGVuJTIwaGF1dCUyMCVDMyVBMCUyMGRyb2l0ZSUyMGR1JTIwY2FkcmUuJTBBJTBBJTNDc3Ryb25nJTNFJUMzJTg5dGFwZSUyMDQlM0MlMkZzdHJvbmclM0UlM0NlbSUzRSUwQSUzQyUyRmVtJTNFQ29sbGV6JTIwbGUlMjB0b3V0JTIwZGFucyUyMGxlJTIwY29kZSUyMGRlJTIwdm90cmUlMjBzaXRlJTIwaW50ZXJuZXQuJTIwUGFyJTIwZXhlbXBsZSUyQyUyMHN1ciUyMFdvcmRwcmVzcyUyQyUyMCVDMyVBMCUyMGwlMjdhaWRlJTIwZHUlMjBibG9jJTIwcHIlQzMlQTktY29uJUMzJUE3dSUyMGRhbnMlMjBsYSUyMGNyJUMzJUE5YXRpb24lMjBkJTI3YXJ0aWNsZSUyMG91JTIwZGUlMjBwYWdlJTNDZW0lM0UlMjAlMjJIVE1MJTIwcGVyc29ubmFsaXMlQzMlQTklMjIuJTNDJTJGZW0lM0UlNUIlMkZ2Y19jb2x1bW5fdGV4dCU1RCU1QiUyRnZjX2NvbHVtbiU1RCU1QiUyRnZjX3JvdyU1RA==[\/vc_raw_html][\/vc_column][\/vc_row][vc_row type=&#8221;in_container&#8221; full_screen_row_position=&#8221;middle&#8221; column_margin=&#8221;default&#8221; column_direction=&#8221;default&#8221; column_direction_tablet=&#8221;default&#8221; column_direction_phone=&#8221;default&#8221; scene_position=&#8221;center&#8221; text_color=&#8221;dark&#8221; text_align=&#8221;left&#8221; row_border_radius=&#8221;none&#8221; row_border_radius_applies=&#8221;bg&#8221; overflow=&#8221;visible&#8221; overlay_strength=&#8221;0.3&#8243; gradient_direction=&#8221;left_to_right&#8221; shape_divider_position=&#8221;bottom&#8221; bg_image_animation=&#8221;none&#8221;][vc_column column_padding=&#8221;no-extra-padding&#8221; column_padding_tablet=&#8221;inherit&#8221; column_padding_phone=&#8221;inherit&#8221; column_padding_position=&#8221;all&#8221; column_element_direction_desktop=&#8221;default&#8221; column_element_spacing=&#8221;default&#8221; desktop_text_alignment=&#8221;default&#8221; tablet_text_alignment=&#8221;default&#8221; phone_text_alignment=&#8221;default&#8221; background_color_opacity=&#8221;1&#8243; background_hover_color_opacity=&#8221;1&#8243; column_backdrop_filter=&#8221;none&#8221; column_shadow=&#8221;none&#8221; column_border_radius=&#8221;none&#8221; column_link_target=&#8221;_self&#8221; column_position=&#8221;default&#8221; gradient_direction=&#8221;left_to_right&#8221; overlay_strength=&#8221;0.3&#8243; width=&#8221;1\/1&#8243; tablet_width_inherit=&#8221;default&#8221; animation_type=&#8221;default&#8221; bg_image_animation=&#8221;none&#8221; border_type=&#8221;simple&#8221; column_border_width=&#8221;none&#8221; column_border_style=&#8221;solid&#8221;][vc_column_text]\n<div class=\"widget-generateur alignfull\">\n    <form id=\"widget-generateur-form\" data-url=\"https:\/\/formations-benevoles.org\/occitanie\/widget\/\">\n        <h4>Crit\u00e8res :<\/h4>\n        <div>\n            <label for=\"author\">Organisateur :<\/label>\n            <select id=\"author\" name=\"author\" class=\"form-color\" multiple>\n                <option value=\"\">Tous<\/option><option value=\"213\">#CERO<\/option><option value=\"118\">ACEGAA<\/option><option value=\"179\">AMISS<\/option><option value=\"173\">Animation Sport Emploi 66<\/option><option value=\"249\">Association DECLAM'<\/option><option value=\"120\">Association Epi de Mains<\/option><option value=\"219\">Association Fote<\/option><option value=\"206\">Association Ressources Paternit\u00e9s Occitanie<\/option><option value=\"185\">CBE DU NET TARN<\/option><option value=\"186\">Centre Social Soleil Levant Manduel<\/option><option value=\"159\">Centre Toulousain du B\u00e9n\u00e9volat<\/option><option value=\"153\">Collectif Rivages<\/option><option value=\"155\">E-Graine Occitanie<\/option><option value=\"202\">F\u00e9d\u00e9ration D\u00e9partementale des Foyers Ruraux de la Loz\u00e8re<\/option><option value=\"227\">F\u00e9d\u00e9ration D\u00e9partementale des Foyers Ruraux du Gard<\/option><option value=\"150\">F\u00e9d\u00e9ration des centres sociaux Languedoc Roussillon<\/option><option value=\"96\">F\u00e9d\u00e9ration RENOVA<\/option><option value=\"178\">Francas du Tarn-et-Garonne<\/option><option value=\"255\">FRANCE BENEVOLAT AUDE<\/option><option value=\"217\">Isabelle MUSCAT<\/option><option value=\"221\">KPSENS<\/option><option value=\"236\">L'Escabel<\/option><option value=\"100\">La Ligue de l'enseignement des Pyr\u00e9n\u00e9es-Orientales<\/option><option value=\"103\">La Poutgerie<\/option><option value=\"257\">La Ruche Associative 11<\/option><option value=\"138\">Lafi Bala<\/option><option value=\"211\">LE BONHEUR A VELO<\/option><option value=\"70\">Le Mouvement Associatif Occitanie<\/option><option value=\"239\">Les Ateliers Ludosophiques<\/option><option value=\"75\">Ligue de l'enseignement de l'Ari\u00e8ge<\/option><option value=\"116\">Ligue de l'Enseignement des Hautes-Pyr\u00e9n\u00e9es<\/option><option value=\"158\">Mairie de Toulouse<\/option><option value=\"176\">MJC Puylaurens<\/option><option value=\"106\">Montpellier Z\u00e9ro D\u00e9chet<\/option><option value=\"240\">Nom de l\u2019organisateur<\/option><option value=\"192\">Noma'Dock<\/option><option value=\"77\">Nos M\u00e9moires Vives<\/option><option value=\"160\">Profession Sport Animation 31<\/option><option value=\"97\">rESS'ources 81<\/option><option value=\"113\">Scopie<\/option><option value=\"195\">UFCV<\/option><option value=\"98\">Un Zeste d'Avenir<\/option><option value=\"215\">Union d\u00e9partementale des DDEN 82<\/option><option value=\"152\">URFR Occitanie (Union R\u00e9gionale des Foyers Ruraux de l'Occitanie Pyr\u00e9nn\u00e9s M\u00e9diterran\u00e9e<\/option><option value=\"93\">URQR - Universit\u00e9 Rurale Quercy Rouergue<\/option><option value=\"225\">Zero Waste Toulouse<\/option>            <\/select>\n        <\/div>\n            <div>\n                <label for=\"themes\">Th\u00e8mes :<\/label>\n                <select id=\"themes\" name=\"themes\" class=\"form-color\" multiple>\n                    <option value=\"\">Tous<\/option><option value=\"40\">Campagne FDVA<\/option><option value=\"44\">La communication<\/option><option value=\"45\">La formation sur un domaine sp\u00e9cifique (m\u00e9dico-social, sport...)<\/option><option value=\"46\">La gestion de projet<\/option><option value=\"47\">La gestion des Ressources Humaines<\/option><option value=\"48\">Le fonctionnement d'une association<\/option><option value=\"49\">Les finances d'une association<\/option><option value=\"50\">Les outils num\u00e9riques<\/option><option value=\"51\">Les questions de soci\u00e9t\u00e9 (discrimination, environnement...)<\/option>                <\/select>\n            <\/div>\n            <div>\n                <label for=\"departements\">D\u00e9partements :<\/label>\n                <select id=\"departements\" name=\"departements\" class=\"form-color\" multiple>\n                    <option value=\"\">Tous<\/option><option value=\"35\">Ari\u00e8ge (09)<\/option><option value=\"36\">Aude (11)<\/option><option value=\"39\">Aveyron (12)<\/option><option value=\"42\">Gard (30)<\/option><option value=\"54\">Gers (32)<\/option><option value=\"53\">Haute-Garonne (31)<\/option><option value=\"60\">Hautes-Pyr\u00e9n\u00e9es (65)<\/option><option value=\"57\">H\u00e9rault (34)<\/option><option value=\"58\">Lot (46)<\/option><option value=\"59\">Loz\u00e8re (48)<\/option><option value=\"61\">Pyr\u00e9n\u00e9es-Orientales (66)<\/option><option value=\"62\">Tarn (81)<\/option><option value=\"63\">Tarn-et-Garonne (82)<\/option>                <\/select>\n            <\/div>\n            <div>\n                <label for=\"formats\">Formats :<\/label>\n                <select id=\"formats\" name=\"formats\" class=\"form-color\">\n                    <option value=\"\">Tous<\/option><option value=\"1\">visio<\/option><option value=\"0\">pr\u00e9sentiel<\/option>                <\/select>\n            <\/div>\n            <div class=\"fancy-select-wrap\">\n                <label for=\"text\">Mots cl\u00e9s :<\/label>\n                <input type=\"text\" id=\"text\" name=\"text\">\n            <\/div>\n    <\/form>\n    <div id=\"widget-generateur-iframe\">\n        <button title=\"copier le contenu\" id=\"widget-generateur-copy\"><svg xmlns=\"http:\/\/www.w3.org\/2000\/svg\" viewBox=\"0 0 24 24\" aria-hidden=\"true\" focusable=\"false\"><path d=\"M20.2 8v11c0 .7-.6 1.2-1.2 1.2H6v1.5h13c1.5 0 2.7-1.2 2.7-2.8V8zM18 16.4V4.6c0-.9-.7-1.6-1.6-1.6H4.6C3.7 3 3 3.7 3 4.6v11.8c0 .9.7 1.6 1.6 1.6h11.8c.9 0 1.6-.7 1.6-1.6zm-13.5 0V4.6c0-.1.1-.1.1-.1h11.8c.1 0 .1.1.1.1v11.8c0 .1-.1.1-.1.1H4.6l-.1-.1z\"><\/path><\/svg><\/button>\n        <h4>Code \u00e0 copier :<\/h4>\n        <div id=\"widget-generateur-iframe-content\">\n\n        <\/div>\n    <\/div>\n    <div id=\"widget-generateur-preview\">\n        <h4>Pr\u00e9visualisation :<\/h4>\n        <div id=\"widget-generateur-url-preview-content\">\n\n        <\/div>\n    <\/div>\n<\/div>\n[\/vc_column_text][\/vc_column][\/vc_row]\n","protected":false},"excerpt":{"rendered":"<p>[vc_row type=&#8221;in_container&#8221; full_screen_row_position=&#8221;middle&#8221; column_margin=&#8221;default&#8221; column_direction=&#8221;default&#8221; column_direction_tablet=&#8221;default&#8221; column_direction_phone=&#8221;default&#8221; scene_position=&#8221;center&#8221; text_color=&#8221;dark&#8221; text_align=&#8221;left&#8221; row_border_radius=&#8221;none&#8221; row_border_radius_applies=&#8221;bg&#8221; overflow=&#8221;visible&#8221; overlay_strength=&#8221;0.3&#8243; gradient_direction=&#8221;left_to_right&#8221; shape_divider_position=&#8221;bottom&#8221; bg_image_animation=&#8221;none&#8221;][vc_column column_padding=&#8221;no-extra-padding&#8221; column_padding_tablet=&#8221;inherit&#8221; column_padding_phone=&#8221;inherit&#8221; column_padding_position=&#8221;all&#8221; column_element_direction_desktop=&#8221;default&#8221; column_element_spacing=&#8221;default&#8221; desktop_text_alignment=&#8221;default&#8221; tablet_text_alignment=&#8221;default&#8221; phone_text_alignment=&#8221;default&#8221; background_color_opacity=&#8221;1&#8243; background_hover_color_opacity=&#8221;1&#8243; column_backdrop_filter=&#8221;none&#8221; column_shadow=&#8221;none&#8221;&#8230;<\/p>\n","protected":false},"author":5,"featured_media":0,"parent":0,"menu_order":0,"comment_status":"closed","ping_status":"closed","template":"","meta":{"footnotes":""},"class_list":["post-6644","page","type-page","status-publish"],"_links":{"self":[{"href":"https:\/\/formations-benevoles.org\/occitanie\/wp-json\/wp\/v2\/pages\/6644","targetHints":{"allow":["GET"]}}],"collection":[{"href":"https:\/\/formations-benevoles.org\/occitanie\/wp-json\/wp\/v2\/pages"}],"about":[{"href":"https:\/\/formations-benevoles.org\/occitanie\/wp-json\/wp\/v2\/types\/page"}],"author":[{"embeddable":true,"href":"https:\/\/formations-benevoles.org\/occitanie\/wp-json\/wp\/v2\/users\/5"}],"replies":[{"embeddable":true,"href":"https:\/\/formations-benevoles.org\/occitanie\/wp-json\/wp\/v2\/comments?post=6644"}],"version-history":[{"count":0,"href":"https:\/\/formations-benevoles.org\/occitanie\/wp-json\/wp\/v2\/pages\/6644\/revisions"}],"wp:attachment":[{"href":"https:\/\/formations-benevoles.org\/occitanie\/wp-json\/wp\/v2\/media?parent=6644"}],"curies":[{"name":"wp","href":"https:\/\/api.w.org\/{rel}","templated":true}]}}